{"id":617,"date":"2025-06-02T09:40:04","date_gmt":"2025-06-02T09:40:04","guid":{"rendered":"https:\/\/igitur.ee\/?page_id=617"},"modified":"2025-09-24T09:32:52","modified_gmt":"2025-09-24T09:32:52","slug":"contact","status":"publish","type":"page","link":"https:\/\/igitur.ee\/et\/contact\/","title":{"rendered":"Kontakt"},"content":{"rendered":"<div>\n<div class=\"wp-block-columns contact-main-block has-base-2-background-color has-background is-layout-flex wp-container-core-columns-is-layout-9d6595d7 wp-block-columns-is-layout-flex\">\n<div class=\"wp-block-column is-vertically-aligned-stretch is-layout-flow wp-block-column-is-layout-flow\" style=\"flex-basis:33.33%\">\n<figure class=\"wp-block-image size-large\"><img loading=\"lazy\" decoding=\"async\" width=\"768\" height=\"1024\" src=\"https:\/\/igitur.ee\/wp-content\/uploads\/2025\/08\/5c82c2e2-0996-430d-a6d3-425f823aba92-768x1024.jpeg\" alt=\"\" class=\"wp-image-1005\" srcset=\"https:\/\/igitur.ee\/wp-content\/uploads\/2025\/08\/5c82c2e2-0996-430d-a6d3-425f823aba92-768x1024.jpeg 768w, https:\/\/igitur.ee\/wp-content\/uploads\/2025\/08\/5c82c2e2-0996-430d-a6d3-425f823aba92-225x300.jpeg 225w, https:\/\/igitur.ee\/wp-content\/uploads\/2025\/08\/5c82c2e2-0996-430d-a6d3-425f823aba92-1152x1536.jpeg 1152w, https:\/\/igitur.ee\/wp-content\/uploads\/2025\/08\/5c82c2e2-0996-430d-a6d3-425f823aba92.jpeg 1200w\" sizes=\"auto, (max-width: 768px) 100vw, 768px\" \/><\/figure>\n<\/div>\n\n\n\n<div class=\"wp-block-column is-vertically-aligned-center is-layout-flow wp-block-column-is-layout-flow\" style=\"flex-basis:66.66%\">\n<div class=\"gb-element-312eb66d\">\n<p class=\"has-contrast-color has-text-color has-link-color has-medium-font-size wp-elements-1ff6874c528c95276939697c2fb21d8e\"><em>Ainulaadne ja hubane teraapia- ja massaa\u017eituba ootab Sind v\u00e4ikeses puumajas Kadrioru alguses.<\/em><\/p>\n\n\n\n<p class=\"has-contrast-color has-text-color has-link-color has-medium-font-size wp-elements-7a118b458fec84b4938662e92f6bdeca\"><em>Aadress on k\u00fcll K\u00f6leri 4, aga kuna sissep\u00e4\u00e4s asub maja tagak\u00fcljel, on parem tulla Vesiv\u00e4rava tn poolt, kus on ka linna parkimisplats, kuhu saab vajaduse korral j\u00e4tta auto.<\/em><\/p>\n\n\n\n<p class=\"has-contrast-color has-text-color has-link-color has-medium-font-size wp-elements-7623582be4a8bb05c1ec5af9e3a949c4\"><em>V\u00e4rava ja ukse taga vajutage klaviatuuril numbrit 6. Kui teil on k\u00fcsimusi v\u00f5i raskusi \u00f5ige koha leidmisega, helistage v\u00f5i v\u00f5tke minuga \u00fchendust WhatsAppis numbril +372 5292275.<\/em><\/p>\n\n\n\n<p class=\"has-text-align-center has-contrast-color has-text-color has-link-color has-medium-font-size wp-elements-fe20929c2075fa84b9e0fe853edc0ee7\"><em>Peatse kohtumiseni!<\/em><\/p>\n<\/div>\n<\/div>\n<\/div>\n<\/div>\n\n\n\n<div class=\"wp-block-cover has-parallax\" style=\"min-height:845px;aspect-ratio:unset;\"><div class=\"wp-block-cover__image-background wp-image-1094 size-full has-parallax\" style=\"background-position:50% 50%;background-image:url(https:\/\/igitur.ee\/wp-content\/uploads\/2025\/09\/FullSizeRender-1-scaled.png)\"><\/div><span aria-hidden=\"true\" class=\"wp-block-cover__background has-base-2-background-color has-background-dim-10 has-background-dim\"><\/span><div class=\"wp-block-cover__inner-container is-layout-flow wp-block-cover-is-layout-flow\">\n<p class=\"has-text-align-center has-base-3-color has-text-color has-background has-link-color has-x-large-font-size wp-elements-042a572cd3a6457ee58922bda70c6857\" style=\"background-color:#2e2e2e61\">Tere tulemast!<\/p>\n<\/div><\/div>\n\n\n\n<div>\n<div class=\"wp-block-columns alignfull is-layout-flex wp-container-core-columns-is-layout-9d6595d7 wp-block-columns-is-layout-flex\">\n<div class=\"wp-block-column is-layout-flow wp-block-column-is-layout-flow\" style=\"flex-basis:33.34%\">\n<div class=\"gb-element-ddd5caf7\">\n<div class=\"gb-element-c1ca31a4\">\n<div class=\"wp-block-gmap-gmap-block gmap-block-x8srguc3\"><iframe src=\"https:\/\/maps.google.com\/maps?q=J.+K%C3%B6leri+tn+4%2C+10150+Tallinn&amp;z=15&amp;t=roadmap&amp;output=embed\" class=\"embd-map\" title=\"J. K\u00f6leri tn 4, 10150 Tallinn\"><\/iframe><\/div>\n<\/div>\n<\/div>\n<\/div>\n\n\n\n<div class=\"wp-block-column is-vertically-aligned-center company-data is-layout-flow wp-block-column-is-layout-flow\" style=\"flex-basis:33.33%\">\n<div><div class=\"rank-math-contact-info show-name show-organization_description show-email show-address show-hours show-phone show-additional_info show-map\"><div class=\"rank-math-contact-section rank-math-contact-name\">\t\t<h4 class=\"rank-math-name\">\n\t\t\t<a href=\"https:\/\/igitur.ee\/et\/\">Igitur O\u00dc<\/a>\n\t\t<\/h4>\n\t\t<\/div><div class=\"rank-math-contact-section rank-math-contact-organization_description\"><\/div><div class=\"rank-math-contact-section rank-math-contact-email\">\t\t<div class=\"rank-math-email\">\n\t\t\t<label>Email:<\/label>\n\t\t\t<a href=\"mailto:massage@igitur.ee\">massage@igitur.ee<\/a>\n\t\t<\/div>\n\t\t<\/div><div class=\"rank-math-contact-section rank-math-contact-address\">\t\t<label>Address:<\/label>\n\t\t<address><span class=\"contact-address-streetAddress\">J. K\u00f6leri tn 4<\/span> <span class=\"contact-address-addressLocality\">Tallinn<\/span>, <span class=\"contact-address-addressRegion\">Harjumaa<\/span> <span class=\"contact-address-postalCode\">10150<\/span><\/address>\n\t\t<\/div><div class=\"rank-math-contact-section rank-math-contact-hours\"><\/div><div class=\"rank-math-contact-section rank-math-contact-phone\"><\/div><div class=\"rank-math-contact-section rank-math-contact-additional_info\"><\/div><div class=\"rank-math-contact-section rank-math-contact-map\"><\/div><\/div><div class=\"clear\"><\/div>\n<\/div>\n\n\n\n<a class=\"gb-button gb-button-030ce8fe gb-button-text open-booking\" href=\"mailto:massage@igitur.ee\">Broneeri aeg<\/a>\n<\/div>\n<\/div>\n<\/div>","protected":false},"excerpt":{"rendered":"<p>The unique and cozy therapy and massage room awaits you in a small wooden house at the beginning of Kadriorg. The address is K\u00f6leri 4, but since the entrance is at the back of the building, it is better to come from Vesiv\u00e4rava Street, where there is also a city parking lot where you can &#8230; <a title=\"Kontakt\" class=\"read-more\" href=\"https:\/\/igitur.ee\/et\/contact\/\" aria-label=\"Read more about Contact\">Read more<\/a><\/p>","protected":false},"author":2,"featured_media":0,"parent":0,"menu_order":0,"comment_status":"closed","ping_status":"closed","template":"","meta":{"footnotes":""},"class_list":["post-617","page","type-page","status-publish"],"_links":{"self":[{"href":"https:\/\/igitur.ee\/et\/wp-json\/wp\/v2\/pages\/617","targetHints":{"allow":["GET"]}}],"collection":[{"href":"https:\/\/igitur.ee\/et\/wp-json\/wp\/v2\/pages"}],"about":[{"href":"https:\/\/igitur.ee\/et\/wp-json\/wp\/v2\/types\/page"}],"author":[{"embeddable":true,"href":"https:\/\/igitur.ee\/et\/wp-json\/wp\/v2\/users\/2"}],"replies":[{"embeddable":true,"href":"https:\/\/igitur.ee\/et\/wp-json\/wp\/v2\/comments?post=617"}],"version-history":[{"count":63,"href":"https:\/\/igitur.ee\/et\/wp-json\/wp\/v2\/pages\/617\/revisions"}],"predecessor-version":[{"id":1249,"href":"https:\/\/igitur.ee\/et\/wp-json\/wp\/v2\/pages\/617\/revisions\/1249"}],"wp:attachment":[{"href":"https:\/\/igitur.ee\/et\/wp-json\/wp\/v2\/media?parent=617"}],"curies":[{"name":"wp","href":"https:\/\/api.w.org\/{rel}","templated":true}]}}