{"id":549,"date":"2021-08-12T21:52:35","date_gmt":"2021-08-12T21:52:35","guid":{"rendered":"https:\/\/sites.generatepress.com\/flow\/?page_id=13"},"modified":"2025-09-21T14:44:27","modified_gmt":"2025-09-21T14:44:27","slug":"massage-rituals","status":"publish","type":"page","link":"https:\/\/igitur.ee\/et\/massage-rituals\/","title":{"rendered":""},"content":{"rendered":"<div class=\"gb-element-abaa8e55\">\n<span class=\"gb-shape gb-shape-5019affd gb-shape--divider\"><svg preserveaspectratio=\"none\" viewbox=\"0 0 1200 137.6\" xmlns=\"http:\/\/www.w3.org\/2000\/svg\"><path d=\"M0 137.6h1200V21.9l-66.7 26.7c-66.7 26.7-200 80-333.3 66.7S533.3 21.9 400 4.2C266.7-13.9 133.3 31.1 66.7 53L0 75.3v62.3z\"><\/path><\/svg><\/span>\n<\/div>\n\n\n\n<div class=\"gb-element-9f60527a\">\n<div class=\"gb-element-ad55d2b9\">\n<div>\n<div>\n<div class=\"wp-block-cover\" style=\"min-height:139px;aspect-ratio:unset;\"><span aria-hidden=\"true\" class=\"wp-block-cover__background has-base-3-background-color has-background-dim-100 has-background-dim\"><\/span><div class=\"wp-block-cover__inner-container is-layout-constrained wp-block-cover-is-layout-constrained\">\n<p class=\"has-text-align-center has-large-font-size\"><\/p>\n<\/div><\/div>\n\n\n\n<div><\/div>\n\n\n\n<div>\n<div class=\"wp-block-media-text is-stacked-on-mobile has-base-3-background-color has-background\" style=\"grid-template-columns:31% auto\"><figure class=\"wp-block-media-text__media\"><img loading=\"lazy\" decoding=\"async\" width=\"1024\" height=\"1024\" src=\"https:\/\/igitur.ee\/wp-content\/uploads\/2025\/08\/close-up-view-hands-holding-dirt-plant-1024x1024.jpg\" alt=\"\" class=\"wp-image-1021 size-large\" srcset=\"https:\/\/igitur.ee\/wp-content\/uploads\/2025\/08\/close-up-view-hands-holding-dirt-plant-1024x1024.jpg 1024w, https:\/\/igitur.ee\/wp-content\/uploads\/2025\/08\/close-up-view-hands-holding-dirt-plant-300x300.jpg 300w, https:\/\/igitur.ee\/wp-content\/uploads\/2025\/08\/close-up-view-hands-holding-dirt-plant-150x150.jpg 150w, https:\/\/igitur.ee\/wp-content\/uploads\/2025\/08\/close-up-view-hands-holding-dirt-plant-768x768.jpg 768w, https:\/\/igitur.ee\/wp-content\/uploads\/2025\/08\/close-up-view-hands-holding-dirt-plant-1536x1536.jpg 1536w, https:\/\/igitur.ee\/wp-content\/uploads\/2025\/08\/close-up-view-hands-holding-dirt-plant-2048x2048.jpg 2048w\" sizes=\"auto, (max-width: 1024px) 100vw, 1024px\" \/><\/figure><div class=\"wp-block-media-text__content\">\n<h2 class=\"gb-text gb-text-328c6aaf\"><em>Investeeri<\/em> <em>iseendasse<\/em><\/h2>\n\n\n\n<p class=\"has-text-align-center has-contrast-2-color has-base-3-background-color has-text-color has-background has-link-color wp-elements-27e22eb6cd7bbce63b206b4d0ae97241\" style=\"font-size:25px\"><em>Osta viiest v\u00f5i k\u00fcmnest korrast koosnev kuur ja saame leida t\u00e4pselt Sulle sobiva massaa\u017eikombinatsiooni soodsama hinnaga. V\u00f5i tee tore kink l\u00e4hedasele.<\/em><\/p>\n\n\n\n<p class=\"has-text-align-center has-contrast-2-color has-base-3-background-color has-text-color has-background has-link-color wp-elements-0f6f409ddfaeaac5d9d38efb8f04c1f5\" style=\"font-size:23px\"><em>5 massaa\u017ei: 360 eurot<\/em>v\u00f5i <em>10 massaa\u017ei: 675 eurot<\/em><\/p>\n<\/div><\/div>\n<\/div>\n<\/div>\n<\/div>\n<\/div>\n<\/div>\n\n\n\n<div class=\"wp-block-cover has-parallax\" style=\"min-height:237px;aspect-ratio:unset;\"><div class=\"wp-block-cover__image-background wp-image-780 size-large has-parallax\" style=\"background-position:50% 50%;background-image:url(https:\/\/igitur.ee\/wp-content\/uploads\/2025\/07\/laulasmaa-1024x576.jpg)\"><\/div><span aria-hidden=\"true\" class=\"wp-block-cover__background has-base-2-background-color has-background-dim-100 has-background-dim\"><\/span><div class=\"wp-block-cover__inner-container is-layout-constrained wp-block-cover-is-layout-constrained\">\n<p class=\"has-text-align-center has-contrast-2-color has-text-color has-link-color has-large-font-size wp-elements-888917d5ffa176230fda7779e882e376\"><em>Massaa\u017eidest t\u00e4psemalt:<\/em><\/p>\n<\/div><\/div>\n\n\n\n<div class=\"wp-block-media-text is-stacked-on-mobile has-base-2-background-color has-background\" style=\"grid-template-columns:35% auto\"><figure class=\"wp-block-media-text__media\"><img loading=\"lazy\" decoding=\"async\" width=\"1024\" height=\"759\" src=\"https:\/\/igitur.ee\/wp-content\/uploads\/2025\/08\/Massaaz_pilt5-1024x759.png\" alt=\"\" class=\"wp-image-997 size-full\" srcset=\"https:\/\/igitur.ee\/wp-content\/uploads\/2025\/08\/Massaaz_pilt5-1024x759.png 1024w, https:\/\/igitur.ee\/wp-content\/uploads\/2025\/08\/Massaaz_pilt5-300x222.png 300w, https:\/\/igitur.ee\/wp-content\/uploads\/2025\/08\/Massaaz_pilt5-768x569.png 768w, https:\/\/igitur.ee\/wp-content\/uploads\/2025\/08\/Massaaz_pilt5-1536x1138.png 1536w, https:\/\/igitur.ee\/wp-content\/uploads\/2025\/08\/Massaaz_pilt5-2048x1517.png 2048w\" sizes=\"auto, (max-width: 1024px) 100vw, 1024px\" \/><\/figure><div class=\"wp-block-media-text__content\">\n<h2 class=\"wp-block-heading has-text-align-center has-contrast-2-color has-text-color has-link-color has-large-font-size wp-elements-f5107e18740e44aad681db1445f9a3ae\" id=\"urban-escape\"><em><strong>Eemale linnak\u00e4rast<\/strong><\/em><\/h2>\n\n\n\n<p class=\"has-text-align-center has-contrast-2-color has-text-color has-link-color has-medium-font-size wp-elements-46979ae655b9756af4ce071b3aa4afc9\">Selg \u00b7 Kael ja \u00f5lav\u00f6\u00f6de \u00b7 K\u00e4ed ja jalad<br>90 min \u2014 75 \u20ac<\/p>\n\n\n\n<p class=\"has-text-align-center has-contrast-2-color has-text-color has-link-color has-medium-font-size wp-elements-4560eb3d8560527546f78162321b834b\">Tule ja j\u00e4ta stressirohke maailm ukse taha. Lavendli rahustav aroom, l\u00f5\u00f5gastavad rullivad massaa\u017eiliigutused ja tai massaa\u017ei venitused laual aitavad hetkeks unustada k\u00f5ik mured. Jalalaba refleksoloogia massaa\u017ei l\u00f5pus aitab tulla argiellu tagasi rahulikuma ja tasakaalukamana.<\/p>\n\n\n\n<p class=\"has-text-align-center\"><a class=\"igitur-button\" href=\"mailto:massage@igitur.ee\">Broneeri aeg<\/a><\/p>\n<\/div><\/div>\n\n\n\n<div class=\"wp-block-media-text has-media-on-the-right is-stacked-on-mobile has-base-2-background-color has-background\" style=\"grid-template-columns:auto 35%\"><div class=\"wp-block-media-text__content\">\n<h2 class=\"wp-block-heading has-text-align-center has-contrast-2-color has-text-color has-link-color has-large-font-size wp-elements-5d2a91c8b5c8e557bbaff0debff9a71d\" id=\"detox-slimming\"><strong><em>Vabaks \u00fcleliigsest<\/em><\/strong><\/h2>\n\n\n\n<p class=\"has-text-align-center has-contrast-2-color has-text-color has-link-color has-medium-font-size wp-elements-d0d700c41acded0ad0c85ffe9b8ccc08\">Jalad ja k\u00e4ed v\u00f5i kindel probleemne kehapiirkond<br>90 min \u2014 75 \u20ac<\/p>\n\n\n\n<p class=\"has-text-align-center has-contrast-2-color has-text-color has-link-color has-medium-font-size wp-elements-5ba6ce713c1ebbd83d3813837c4ba701\">K\u00f5igepealt aitavad kerged l\u00fcmfimassaa\u017ei v\u00f5tted kehal vabaneda \u00fcleliigsest, samal ajal kui kogu keha valdab unine rahu.<\/p>\n\n\n\n<p class=\"has-text-align-center has-contrast-2-color has-text-color has-link-color has-medium-font-size wp-elements-98bcc8e29dbd044b868b48884819ba12\">\u00d5rn kupumassaa\u017e musta pipra eeterliku \u00f5liga soojendab kudesid ja kiirendab vere- ja l\u00fcmfiringet. V\u00e4rske tsitruseline aroomiteraapia ergutab meeli, nii et lahkud kerge ja taastunud tundega.<\/p>\n\n\n\n<p class=\"has-text-align-center\"><a class=\"igitur-button\" href=\"mailto:massage@igitur.ee\">Broneeri aeg<\/a><\/p>\n<\/div><figure class=\"wp-block-media-text__media\"><img loading=\"lazy\" decoding=\"async\" width=\"1024\" height=\"759\" src=\"https:\/\/igitur.ee\/wp-content\/uploads\/2025\/08\/Massaaz_pilt2-1024x759.png\" alt=\"\" class=\"wp-image-991 size-full\" srcset=\"https:\/\/igitur.ee\/wp-content\/uploads\/2025\/08\/Massaaz_pilt2-1024x759.png 1024w, https:\/\/igitur.ee\/wp-content\/uploads\/2025\/08\/Massaaz_pilt2-300x222.png 300w, https:\/\/igitur.ee\/wp-content\/uploads\/2025\/08\/Massaaz_pilt2-768x569.png 768w, https:\/\/igitur.ee\/wp-content\/uploads\/2025\/08\/Massaaz_pilt2-1536x1138.png 1536w, https:\/\/igitur.ee\/wp-content\/uploads\/2025\/08\/Massaaz_pilt2-2048x1517.png 2048w\" sizes=\"auto, (max-width: 1024px) 100vw, 1024px\" \/><\/figure><\/div>\n\n\n\n<div class=\"wp-block-media-text is-stacked-on-mobile has-base-2-background-color has-background\" style=\"grid-template-columns:35% auto\"><figure class=\"wp-block-media-text__media\"><img loading=\"lazy\" decoding=\"async\" width=\"1024\" height=\"759\" src=\"https:\/\/igitur.ee\/wp-content\/uploads\/2025\/08\/Massaaz_pilt4-1024x759.png\" alt=\"\" class=\"wp-image-996 size-full\" srcset=\"https:\/\/igitur.ee\/wp-content\/uploads\/2025\/08\/Massaaz_pilt4-1024x759.png 1024w, https:\/\/igitur.ee\/wp-content\/uploads\/2025\/08\/Massaaz_pilt4-300x222.png 300w, https:\/\/igitur.ee\/wp-content\/uploads\/2025\/08\/Massaaz_pilt4-768x569.png 768w, https:\/\/igitur.ee\/wp-content\/uploads\/2025\/08\/Massaaz_pilt4-1536x1138.png 1536w, https:\/\/igitur.ee\/wp-content\/uploads\/2025\/08\/Massaaz_pilt4-2048x1517.png 2048w\" sizes=\"auto, (max-width: 1024px) 100vw, 1024px\" \/><\/figure><div class=\"wp-block-media-text__content\">\n<h2 class=\"wp-block-heading has-text-align-center has-contrast-2-color has-text-color has-link-color has-large-font-size wp-elements-ed8506fae255bf808f5068ad700e84d4\" id=\"holistic-harmony\"><strong><em>Terviklik harmoonia<\/em><\/strong><\/h2>\n\n\n\n<p class=\"has-text-align-center has-contrast-2-color has-text-color has-link-color has-medium-font-size wp-elements-b89d8db3250b1004422932b0975483c9\">Kogu keha<br>90 min \u2014 75 \u20ac<\/p>\n\n\n\n<p class=\"has-contrast-2-color has-text-color has-link-color has-medium-font-size wp-elements-95aa53abdab8c65ec636b2c07723daa1\">Tai massaa\u017ei v\u00f5tted ja venitused taastavad lihaste ja liigeste koosk\u00f5la ja joondavad uuesti istumisest v\u00e4sinud selja. Soojad laavakivid l\u00f5\u00f5gastavad pinges lihaseid. <\/p>\n\n\n\n<p class=\"has-contrast-2-color has-text-color has-link-color has-medium-font-size wp-elements-bdd4e7393d0282b98104f0d578f3ae86\">P\u00e4rast jalatalla- ja peamassaa\u017ei sandlipuu aroomipilves tunned ennast j\u00e4lle tervikuna.<\/p>\n\n\n\n<p class=\"has-text-align-center\"><a class=\"igitur-button\" href=\"mailto:massage@igitur.ee\">Broneeri aeg<\/a><\/p>\n<\/div><\/div>\n\n\n\n<div class=\"wp-block-media-text has-media-on-the-right is-stacked-on-mobile has-base-2-background-color has-background\" style=\"grid-template-columns:auto 35%\"><div class=\"wp-block-media-text__content\">\n<h2 class=\"wp-block-heading has-text-align-center has-contrast-2-color has-text-color has-link-color has-large-font-size wp-elements-57e325d2a7e0d152e33faca2030e9ae4\" id=\"deep-renewal\"><strong><em>Restart<\/em><\/strong><\/h2>\n\n\n\n<p class=\"has-text-align-center has-contrast-2-color has-text-color has-link-color has-medium-font-size wp-elements-b89d8db3250b1004422932b0975483c9\">Kogu keha<br>90 min \u2014 75 \u20ac<\/p>\n\n\n\n<p class=\"has-text-align-center has-contrast-2-color has-text-color has-link-color has-medium-font-size wp-elements-6d6cc47f640918712da730a7a49aa79a\">Kui Su keha vajab hoolt ja t\u00e4helepanu, n\u00e4iteks p\u00e4rast spordis\u00fcndmust v\u00f5i eriti stressirohket n\u00e4dalat, on see just Sulle! Rullmassaa\u017ei tehnikad l\u00f5\u00f5gastavad ja venitavad v\u00e4sinud lihaseid ja s\u00fcvakudesid, samal ajal kui metameeriline massaa\u017e taastab harmoonia ja tervise just nendes piirkondades, kus seda k\u00f5ige rohkem vaja.<\/p>\n\n\n\n<p class=\"has-text-align-center has-contrast-2-color has-text-color has-link-color has-medium-font-size wp-elements-f230c69b2b3a489160c4786f4fc95e89\">Eukal\u00fcptiaroom aitab ka ajul \u00fcmber h\u00e4\u00e4lestuda puhkusere\u017eiimile.<\/p>\n\n\n\n<p class=\"has-text-align-center\"><a class=\"igitur-button\" href=\"mailto:massage@igitur.ee\">Broneeri aeg<\/a><\/p>\n<\/div><figure class=\"wp-block-media-text__media\"><img loading=\"lazy\" decoding=\"async\" width=\"1024\" height=\"759\" src=\"https:\/\/igitur.ee\/wp-content\/uploads\/2025\/08\/Massaaz_pilt3-1024x759.png\" alt=\"\" class=\"wp-image-992 size-full\" srcset=\"https:\/\/igitur.ee\/wp-content\/uploads\/2025\/08\/Massaaz_pilt3-1024x759.png 1024w, https:\/\/igitur.ee\/wp-content\/uploads\/2025\/08\/Massaaz_pilt3-300x222.png 300w, https:\/\/igitur.ee\/wp-content\/uploads\/2025\/08\/Massaaz_pilt3-768x569.png 768w, https:\/\/igitur.ee\/wp-content\/uploads\/2025\/08\/Massaaz_pilt3-1536x1138.png 1536w, https:\/\/igitur.ee\/wp-content\/uploads\/2025\/08\/Massaaz_pilt3-2048x1517.png 2048w\" sizes=\"auto, (max-width: 1024px) 100vw, 1024px\" \/><\/figure><\/div>","protected":false},"excerpt":{"rendered":"<p>Nurture Your Future Self Pre-purchase a block of sessions and let me tailor each visit to what your body needs that day\u2014all while enjoying a gentle price break, or buy a gift card for someone special. 5-Ritual Package: \u20ac360; or 10-Ritual Package: \u20ac675 Urban Escape Ritual Back \u00b7 Neck &amp; Shoulders \u00b7 Arms &amp; Legs &#8230; <a title=\"\" class=\"read-more\" href=\"https:\/\/igitur.ee\/et\/massage-rituals\/\" aria-label=\"Read more about \">Read more<\/a><\/p>","protected":false},"author":2,"featured_media":0,"parent":0,"menu_order":0,"comment_status":"closed","ping_status":"closed","template":"","meta":{"footnotes":""},"class_list":["post-549","page","type-page","status-publish"],"_links":{"self":[{"href":"https:\/\/igitur.ee\/et\/wp-json\/wp\/v2\/pages\/549","targetHints":{"allow":["GET"]}}],"collection":[{"href":"https:\/\/igitur.ee\/et\/wp-json\/wp\/v2\/pages"}],"about":[{"href":"https:\/\/igitur.ee\/et\/wp-json\/wp\/v2\/types\/page"}],"author":[{"embeddable":true,"href":"https:\/\/igitur.ee\/et\/wp-json\/wp\/v2\/users\/2"}],"replies":[{"embeddable":true,"href":"https:\/\/igitur.ee\/et\/wp-json\/wp\/v2\/comments?post=549"}],"version-history":[{"count":86,"href":"https:\/\/igitur.ee\/et\/wp-json\/wp\/v2\/pages\/549\/revisions"}],"predecessor-version":[{"id":1211,"href":"https:\/\/igitur.ee\/et\/wp-json\/wp\/v2\/pages\/549\/revisions\/1211"}],"wp:attachment":[{"href":"https:\/\/igitur.ee\/et\/wp-json\/wp\/v2\/media?parent=549"}],"curies":[{"name":"wp","href":"https:\/\/api.w.org\/{rel}","templated":true}]}}