{"id":548,"date":"2021-08-12T21:52:23","date_gmt":"2021-08-12T21:52:23","guid":{"rendered":"https:\/\/sites.generatepress.com\/flow\/?page_id=11"},"modified":"2026-02-17T05:33:50","modified_gmt":"2026-02-17T05:33:50","slug":"home","status":"publish","type":"page","link":"https:\/\/igitur.ee\/et\/","title":{"rendered":"Avaleht"},"content":{"rendered":"<div class=\"wp-block-cover has-parallax\" style=\"min-height:554px;aspect-ratio:unset;\"><div class=\"wp-block-cover__image-background wp-image-593 size-large has-parallax\" style=\"background-position:50% 50%;background-image:url(https:\/\/igitur.ee\/wp-content\/uploads\/2025\/05\/branches-on-the-dock-1024x576.jpg)\"><\/div><span aria-hidden=\"true\" class=\"wp-block-cover__background has-base-background-color has-background-dim-20 has-background-dim\"><\/span><div class=\"wp-block-cover__inner-container is-layout-constrained wp-block-cover-is-layout-constrained\">\n<p class=\"has-text-align-center has-base-3-color has-text-color has-link-color wp-elements-e2386d0d3fd04f69c73ef9b7bcc100e6\" style=\"font-size:44px\"><em>Massaa\u017eirituaalid kehale ja vaimule<\/em><\/p>\n<\/div><\/div>\n\n\n<div class=\"gb-container gb-container-8f623a81\">\n\n<div class=\"gb-element-795efcf6\">\n<h2 class=\"gb-text gb-text-6388a52b\"><em>Just Sinu jaoks kohandatud massaa\u017e<\/em><\/h2>\n\n\n\n<p class=\"has-text-align-center has-accent-color has-text-color has-link-color wp-elements-f58065c01904004b9b4de3b6f22b7bff\" style=\"font-size:28px\">NB! <em>Uutele klientidele saan pakkuda aegu \u00f5htuti alates kella 18.00-st.<\/em><\/p>\n\n\n\n<div>\n<p class=\"has-text-align-center has-accent-color has-text-color has-link-color wp-elements-3e3e14b8090f0ff43d5be14e22cd4e86\" style=\"font-size:28px\"><em>Kirjuta mulle: <span style=\"text-decoration: underline;\"><a href=\"mailto:massage@igitur.ee\">massage@igitur.ee<\/a><\/span> ja leiame sulle sobiva massaa\u017eiliigi ja -aja!<\/em><\/p>\n<\/div>\n<\/div>\n\n<div class=\"gb-shapes\"><div class=\"gb-shape gb-shape-1\"><svg xmlns=\"http:\/\/www.w3.org\/2000\/svg\" viewbox=\"0 0 1200 130.3\" preserveaspectratio=\"none\"><path d=\"M0 107.9l40-22.2c40-21.9 120-66.9 200-62.2 80 4.4 160 57.8 240 53.3C560 72 640 10.4 720 1.2S880 37 960 59c80 22.3 160 22.3 200 22.3h40v49H0v-22.4z\"\/><\/svg><\/div><\/div><\/div>\n\n\n<div class=\"gb-element-6c1c22b1 transition-block\">\n<div class=\"gb-element-ada797a9\"><div class=\"wp-block-image\">\n<figure class=\"aligncenter size-large is-resized\"><img loading=\"lazy\" decoding=\"async\" width=\"1024\" height=\"759\" src=\"https:\/\/igitur.ee\/wp-content\/uploads\/2025\/08\/Massaaz_pilt2-1024x759.png\" alt=\"\" class=\"wp-image-991\" style=\"width:215px\" srcset=\"https:\/\/igitur.ee\/wp-content\/uploads\/2025\/08\/Massaaz_pilt2-1024x759.png 1024w, https:\/\/igitur.ee\/wp-content\/uploads\/2025\/08\/Massaaz_pilt2-300x222.png 300w, https:\/\/igitur.ee\/wp-content\/uploads\/2025\/08\/Massaaz_pilt2-768x569.png 768w, https:\/\/igitur.ee\/wp-content\/uploads\/2025\/08\/Massaaz_pilt2-1536x1138.png 1536w, https:\/\/igitur.ee\/wp-content\/uploads\/2025\/08\/Massaaz_pilt2-2048x1517.png 2048w\" sizes=\"auto, (max-width: 1024px) 100vw, 1024px\" \/><\/figure>\n<\/div>\n\n\n<h5 class=\"gb-text gb-text-d34b96e0\">Vabaks \u00fcleliigsest<\/h5>\n\n\n\n<div class=\"gb-text gb-text-a7a19b0f\">90 minutit\u00a0\u2014\u00a075 \u20ac<\/div>\n\n\n\n<p class=\"gb-text gb-text-0e19f29d\"><\/p>\n\n\n\n<a class=\"gb-text gb-text-4e17129b\" href=\"https:\/\/igitur.ee\/et\/massage-rituals\/#detox-slimming\">Loe rohkem<\/a>\n<\/div>\n\n\n\n<div class=\"gb-element-c31834f0\"><div class=\"wp-block-image\">\n<figure class=\"aligncenter size-large is-resized\"><img loading=\"lazy\" decoding=\"async\" width=\"1024\" height=\"759\" src=\"https:\/\/igitur.ee\/wp-content\/uploads\/2025\/08\/Massaaz_pilt1-1024x759.png\" alt=\"\" class=\"wp-image-990\" style=\"width:215px\" srcset=\"https:\/\/igitur.ee\/wp-content\/uploads\/2025\/08\/Massaaz_pilt1-1024x759.png 1024w, https:\/\/igitur.ee\/wp-content\/uploads\/2025\/08\/Massaaz_pilt1-300x222.png 300w, https:\/\/igitur.ee\/wp-content\/uploads\/2025\/08\/Massaaz_pilt1-768x569.png 768w, https:\/\/igitur.ee\/wp-content\/uploads\/2025\/08\/Massaaz_pilt1-1536x1138.png 1536w, https:\/\/igitur.ee\/wp-content\/uploads\/2025\/08\/Massaaz_pilt1-2048x1517.png 2048w\" sizes=\"auto, (max-width: 1024px) 100vw, 1024px\" \/><\/figure>\n<\/div>\n\n\n<h5 class=\"gb-text gb-text-3f9fc492\">Eemale linnak\u00e4rast<\/h5>\n\n\n\n<div class=\"gb-text gb-text-f16bfd43\">90 minutit\u00a0\u2014\u00a075 \u20ac<\/div>\n\n\n\n<p class=\"gb-text gb-text-694d60b0\"><\/p>\n\n\n\n<a class=\"gb-text gb-text-da8e6880\" href=\"https:\/\/igitur.ee\/et\/massage-rituals\/#urban-escape\">Loe rohkem<\/a>\n\n\n\n<figure>\n<figcaption class=\"gb-text\"><\/figcaption>\n<\/figure>\n<\/div>\n\n\n<div class=\"gb-container gb-container-bbbeca62\">\n<div class=\"wp-block-image\">\n<figure class=\"aligncenter size-large is-resized\"><img loading=\"lazy\" decoding=\"async\" width=\"1024\" height=\"759\" src=\"https:\/\/igitur.ee\/wp-content\/uploads\/2025\/08\/Massaaz_pilt4-1024x759.png\" alt=\"\" class=\"wp-image-996\" style=\"aspect-ratio:1.3333333333333333;object-fit:contain;width:215px;height:auto\" srcset=\"https:\/\/igitur.ee\/wp-content\/uploads\/2025\/08\/Massaaz_pilt4-1024x759.png 1024w, https:\/\/igitur.ee\/wp-content\/uploads\/2025\/08\/Massaaz_pilt4-300x222.png 300w, https:\/\/igitur.ee\/wp-content\/uploads\/2025\/08\/Massaaz_pilt4-768x569.png 768w, https:\/\/igitur.ee\/wp-content\/uploads\/2025\/08\/Massaaz_pilt4-1536x1138.png 1536w, https:\/\/igitur.ee\/wp-content\/uploads\/2025\/08\/Massaaz_pilt4-2048x1517.png 2048w\" sizes=\"auto, (max-width: 1024px) 100vw, 1024px\" \/><\/figure>\n<\/div>\n\n\n<h5 class=\"gb-text gb-text-1d92ec6d\">Terviklik harmoonia<\/h5>\n\n\n\n<div class=\"gb-text gb-text-c36d2c59\">90 minutit\u00a0\u2014\u00a075 \u20ac<\/div>\n\n\n\n<p class=\"gb-text gb-text-320af5ad\"><\/p>\n\n\n\n<a class=\"gb-text gb-text-efc331da\" href=\"https:\/\/igitur.ee\/et\/massage-rituals\/#holistic-harmony\">Loe rohkem<\/a>\n\n<\/div>\n\n<div class=\"gb-container gb-container-be2ac997\">\n<div class=\"wp-block-image\">\n<figure class=\"aligncenter size-large is-resized\"><img loading=\"lazy\" decoding=\"async\" width=\"1024\" height=\"759\" src=\"https:\/\/igitur.ee\/wp-content\/uploads\/2025\/08\/Massaaz_pilt3-1024x759.png\" alt=\"\" class=\"wp-image-992\" style=\"width:215px\" srcset=\"https:\/\/igitur.ee\/wp-content\/uploads\/2025\/08\/Massaaz_pilt3-1024x759.png 1024w, https:\/\/igitur.ee\/wp-content\/uploads\/2025\/08\/Massaaz_pilt3-300x222.png 300w, https:\/\/igitur.ee\/wp-content\/uploads\/2025\/08\/Massaaz_pilt3-768x569.png 768w, https:\/\/igitur.ee\/wp-content\/uploads\/2025\/08\/Massaaz_pilt3-1536x1138.png 1536w, https:\/\/igitur.ee\/wp-content\/uploads\/2025\/08\/Massaaz_pilt3-2048x1517.png 2048w\" sizes=\"auto, (max-width: 1024px) 100vw, 1024px\" \/><\/figure>\n<\/div>\n\n\n<h5 class=\"gb-text gb-text-fa8bccca\">Restart<\/h5>\n\n\n\n<div class=\"gb-text gb-text-47f6ee6f\">90 minutit\u00a0\u2014\u00a075 \u20ac<\/div>\n\n\n\n<p class=\"gb-text gb-text-7abf8c33\"><\/p>\n\n\n\n<a class=\"gb-text gb-text-8eb4f575\" href=\"https:\/\/igitur.ee\/et\/massage-rituals\/#deep-renewal\">Loe rohkem<\/a>\n\n<\/div><\/div>\n\n\n\n<div class=\"gb-element-cccaf45f\">\n<div class=\"gb-element-09e17e5c\">\n<h2 class=\"gb-text gb-text-09e083ce\">Klientide tagasiside<\/h2>\n\n\n<div class=\"wp-block-image\">\n<figure class=\"aligncenter size-large is-resized\"><img loading=\"lazy\" decoding=\"async\" width=\"1024\" height=\"1024\" src=\"https:\/\/igitur.ee\/wp-content\/uploads\/2025\/08\/client2_2-1024x1024.png\" alt=\"\" class=\"wp-image-1017\" style=\"width:267px;height:auto\" srcset=\"https:\/\/igitur.ee\/wp-content\/uploads\/2025\/08\/client2_2-1024x1024.png 1024w, https:\/\/igitur.ee\/wp-content\/uploads\/2025\/08\/client2_2-300x300.png 300w, https:\/\/igitur.ee\/wp-content\/uploads\/2025\/08\/client2_2-150x150.png 150w, https:\/\/igitur.ee\/wp-content\/uploads\/2025\/08\/client2_2-768x768.png 768w, https:\/\/igitur.ee\/wp-content\/uploads\/2025\/08\/client2_2-1536x1536.png 1536w, https:\/\/igitur.ee\/wp-content\/uploads\/2025\/08\/client2_2-2048x2048.png 2048w\" sizes=\"auto, (max-width: 1024px) 100vw, 1024px\" \/><\/figure>\n<\/div><\/div>\n\n\n\n<div class=\"gb-element-d70d7fdc\">\n<h4 class=\"gb-text gb-text-7ab82124\">&#8220;Anu is an amazing masseuse! Her knowledge of various massage techniques , as well as human anatomy, make her an expert in her field. And her kind, personal and compassionate approach makes me feel cared for and pampered every time I visit her. Highly recommended.&#8221; William<\/h4>\n<\/div>\n\n\n\n<div class=\"gb-element-55369c71\">\n<h4 class=\"gb-text gb-text-993ee95f\">&#8220;Anu gives the kind of massage that immediately transports you to a state of profound relaxation. I find myself sighing slowly within minutes and experiencing a surrender to her hands. She finds muscles I didn&#8217;t know were tight or weary and gently but very thoroughly releases their tension. It&#8217;s a deeply relaxing and healing experience. I can&#8217;t recommend her work enough; Anu is a true healer.&#8221; Beth <\/h4>\n<\/div>\n\n\n\n<div class=\"gb-element-b5abba18\">\n<h4 class=\"gb-text gb-text-e3c89aa5\">&#8220;Lihtsalt \u00fcli\u00fcli\u00fclihea!&#8221; Pille<\/h4>\n\n\n\n<div><\/div>\n<\/div>\n\n\n\n<div class=\"gb-element-d292e1da\">\n<h4 class=\"gb-text gb-text-0e87e8d4\">&#8220;Tunnen, et sul on v\u00e4ga hea ja rahustav energia. Iga kord on sinu juures olles lihtne l\u00f5\u00f5gastuda ja end turvaliselt tunda. Massaa\u017eid on l\u00e4bim\u00f5eldud, sujuvad ja kohalolevad \u2013 on tunda, et teed oma t\u00f6\u00f6d s\u00fcdamega. P\u00e4rast seanssi on keha kerge ja meel rahulik. Ait\u00e4h selle hoidva ja toetava kogemuse eest.&#8221; Grete<\/h4>\n\n\n\n<div><\/div>\n<\/div>\n<\/div>","protected":false},"excerpt":{"rendered":"<p>Personalised Massage Rituals NB! For new clients, I can offer appointments in the evening from 6 p.m. onwards. Feel free to write: massage@igitur.ee and we can find a suitable massage and day for You! Detox &amp; Slimming Ritual 90 minutes&nbsp;\u2014&nbsp;75 \u20ac Read More Urban Escape Ritual 90 minutes&nbsp;\u2014&nbsp;75 \u20ac Read MoreHolistic Harmony Ritual 90 minutes&nbsp;\u2014&nbsp;75 &#8230; <a title=\"Avaleht\" class=\"read-more\" href=\"https:\/\/igitur.ee\/et\/\" aria-label=\"Read more about Home\">Read more<\/a><\/p>","protected":false},"author":2,"featured_media":0,"parent":0,"menu_order":0,"comment_status":"closed","ping_status":"closed","template":"","meta":{"footnotes":""},"class_list":["post-548","page","type-page","status-publish"],"_links":{"self":[{"href":"https:\/\/igitur.ee\/et\/wp-json\/wp\/v2\/pages\/548","targetHints":{"allow":["GET"]}}],"collection":[{"href":"https:\/\/igitur.ee\/et\/wp-json\/wp\/v2\/pages"}],"about":[{"href":"https:\/\/igitur.ee\/et\/wp-json\/wp\/v2\/types\/page"}],"author":[{"embeddable":true,"href":"https:\/\/igitur.ee\/et\/wp-json\/wp\/v2\/users\/2"}],"replies":[{"embeddable":true,"href":"https:\/\/igitur.ee\/et\/wp-json\/wp\/v2\/comments?post=548"}],"version-history":[{"count":78,"href":"https:\/\/igitur.ee\/et\/wp-json\/wp\/v2\/pages\/548\/revisions"}],"predecessor-version":[{"id":1260,"href":"https:\/\/igitur.ee\/et\/wp-json\/wp\/v2\/pages\/548\/revisions\/1260"}],"wp:attachment":[{"href":"https:\/\/igitur.ee\/et\/wp-json\/wp\/v2\/media?parent=548"}],"curies":[{"name":"wp","href":"https:\/\/api.w.org\/{rel}","templated":true}]}}