{"id":367,"date":"2021-08-13T22:04:33","date_gmt":"2021-08-13T22:04:33","guid":{"rendered":"https:\/\/sites.generatepress.com\/flow\/?page_id=367"},"modified":"2025-09-09T02:52:00","modified_gmt":"2025-09-09T02:52:00","slug":"massage-benefits","status":"publish","type":"page","link":"https:\/\/igitur.ee\/et\/massage-benefits\/","title":{"rendered":""},"content":{"rendered":"<div class=\"wp-block-cover\" style=\"min-height:210px;aspect-ratio:unset;\"><span aria-hidden=\"true\" class=\"wp-block-cover__background has-base-2-background-color has-background-dim-100 has-background-dim\"><\/span><div class=\"wp-block-cover__inner-container is-layout-constrained wp-block-cover-is-layout-constrained\">\n<p><\/p>\n\n\n\n<p><\/p>\n\n\n\n<p><\/p>\n\n\n\n<p><\/p>\n\n\n\n<p><\/p>\n\n\n\n<p><\/p>\n\n\n\n<p class=\"has-text-align-center has-contrast-2-color has-text-color has-link-color has-large-font-size wp-elements-b8c0d0da92fb8104491c9bd24a340016\"><\/p>\n<\/div><\/div>\n\n\n\n<div class=\"gb-element-92d6ccd2\">\n<div class=\"gb-element-7e099b96\">\n<div class=\"gb-element-967cc3fe\">\n<figure class=\"wp-block-image size-full is-resized\"><img loading=\"lazy\" decoding=\"async\" width=\"2560\" height=\"1896\" src=\"https:\/\/igitur.ee\/wp-content\/uploads\/2025\/08\/Massaaz_pilt1-scaled.png\" alt=\"\" class=\"wp-image-990\" style=\"width:246px;height:auto\" srcset=\"https:\/\/igitur.ee\/wp-content\/uploads\/2025\/08\/Massaaz_pilt1-scaled.png 2560w, https:\/\/igitur.ee\/wp-content\/uploads\/2025\/08\/Massaaz_pilt1-300x222.png 300w, https:\/\/igitur.ee\/wp-content\/uploads\/2025\/08\/Massaaz_pilt1-1024x759.png 1024w, https:\/\/igitur.ee\/wp-content\/uploads\/2025\/08\/Massaaz_pilt1-768x569.png 768w, https:\/\/igitur.ee\/wp-content\/uploads\/2025\/08\/Massaaz_pilt1-1536x1138.png 1536w, https:\/\/igitur.ee\/wp-content\/uploads\/2025\/08\/Massaaz_pilt1-2048x1517.png 2048w\" sizes=\"auto, (max-width: 2560px) 100vw, 2560px\" \/><\/figure>\n<\/div>\n\n\n\n<p class=\"has-text-align-center has-medium-font-size\"><strong>Lihased l\u00f5\u00f5gastuvad<br><\/strong>S\u00fcgavkoe m\u00f5jutamine, kupumassaa\u017e ja soojad laavakivid harutavad lahti kangekaelsed valusad s\u00f5lmed ja leevendavad kroonilist valu Sinu pinges lihastes.<\/p>\n\n\n\n<p class=\"has-text-align-center has-medium-font-size\"><strong>Parem r\u00fcht<\/strong><br>Venituste k\u00e4igus t\u00f6\u00f6tavad liigesed ja lihased koos --\nnii saab m\u00f5jutada mitut pinges piirkonda korraga ja taastada liigeste liikuvus, nii et keha saab taas liikuda vabalt ja sirgelt.<\/p>\n\n\n\n<p class=\"has-text-align-center has-medium-font-size\"><strong>Parem vere- ja l\u00fcmfiringe<\/strong><br>Naha rullimine, l\u00fcmfis\u00fcsteemi m\u00f5jutamine ja gua sha v\u00f5tted ergutavad vere- ja l\u00fcmfiringet ning loovad ka uue sisemise r\u00fctmi.<\/p>\n<\/div>\n\n\n\n<div class=\"gb-element-d5d2fce0\">\n<div><div class=\"wp-block-image\">\n<figure class=\"aligncenter size-full is-resized\"><img loading=\"lazy\" decoding=\"async\" width=\"2560\" height=\"1896\" src=\"https:\/\/igitur.ee\/wp-content\/uploads\/2025\/08\/Massaaz_pilt2-scaled.png\" alt=\"\" class=\"wp-image-991\" style=\"width:244px;height:auto\" srcset=\"https:\/\/igitur.ee\/wp-content\/uploads\/2025\/08\/Massaaz_pilt2-scaled.png 2560w, https:\/\/igitur.ee\/wp-content\/uploads\/2025\/08\/Massaaz_pilt2-300x222.png 300w, https:\/\/igitur.ee\/wp-content\/uploads\/2025\/08\/Massaaz_pilt2-1024x759.png 1024w, https:\/\/igitur.ee\/wp-content\/uploads\/2025\/08\/Massaaz_pilt2-768x569.png 768w, https:\/\/igitur.ee\/wp-content\/uploads\/2025\/08\/Massaaz_pilt2-1536x1138.png 1536w, https:\/\/igitur.ee\/wp-content\/uploads\/2025\/08\/Massaaz_pilt2-2048x1517.png 2048w\" sizes=\"auto, (max-width: 2560px) 100vw, 2560px\" \/><\/figure>\n<\/div><\/div>\n\n\n\n<p class=\"has-text-align-center has-medium-font-size\"><strong>Keha vabaneb ebavajalikust<br><\/strong>L\u00fcmfi- ja kupumassaa\u017e koos tsitrusearoomiga aitavad organismist eemaldada liigse vedeliku ja toksiinid.<\/p>\n\n\n\n<p class=\"has-text-align-center has-medium-font-size\"><strong>Tugevam immuuns\u00fcsteem<br><\/strong>Eukal\u00fcpti ja rosmariini aroom ja siseelundeid m\u00f5jutav refleksoloogia stimuleerivad Su keha loomulikku kaitsev\u00f5imet, et tagada vastpanuv\u00f5ime haigustele igal aastaajal.<\/p>\n\n\n\n<p class=\"has-text-align-center has-medium-font-size\"><strong>Nahk muutub klaariks<br><\/strong>Gua sha massaa\u017e ja toitvad \u00f5lid puhastavad nahapoore, nii et nahk muutub s\u00e4ravaks ja v\u00e4rskeks.<\/p>\n<\/div>\n\n\n\n<div class=\"gb-element-105430a3\"><div class=\"wp-block-image\">\n<figure class=\"aligncenter size-full is-resized\"><img loading=\"lazy\" decoding=\"async\" width=\"2560\" height=\"1896\" src=\"https:\/\/igitur.ee\/wp-content\/uploads\/2025\/08\/Massaaz_pilt3-scaled.png\" alt=\"\" class=\"wp-image-992\" style=\"width:252px;height:auto\" srcset=\"https:\/\/igitur.ee\/wp-content\/uploads\/2025\/08\/Massaaz_pilt3-scaled.png 2560w, https:\/\/igitur.ee\/wp-content\/uploads\/2025\/08\/Massaaz_pilt3-300x222.png 300w, https:\/\/igitur.ee\/wp-content\/uploads\/2025\/08\/Massaaz_pilt3-1024x759.png 1024w, https:\/\/igitur.ee\/wp-content\/uploads\/2025\/08\/Massaaz_pilt3-768x569.png 768w, https:\/\/igitur.ee\/wp-content\/uploads\/2025\/08\/Massaaz_pilt3-1536x1138.png 1536w, https:\/\/igitur.ee\/wp-content\/uploads\/2025\/08\/Massaaz_pilt3-2048x1517.png 2048w\" sizes=\"auto, (max-width: 2560px) 100vw, 2560px\" \/><\/figure>\n<\/div>\n\n\n<p class=\"has-text-align-center has-medium-font-size\"><strong>Vabaned pingest<br><\/strong>Soojad laavakivid, aroomi\u00f5lid ja r\u00fctmiline jalamassaa\u017e l\u00f5\u00f5gastavad n\u00e4rvis\u00fcsteemi ja hingad taas vabamalt.<\/p>\n\n\n\n<p class=\"has-text-align-center has-medium-font-size\"><strong>Rahulik uni<br><\/strong>Sandlipuu, ylang-ylangi ja piparm\u00fcndi aroom koos rahustavate liigutustega aitavad saavutada s\u00fcgava ja taastava puhkuse.<\/p>\n\n\n\n<p class=\"has-text-align-center has-medium-font-size\"><strong>Erksam vaim<br><\/strong>Tai massaa\u017ei r\u00fctm ja metameerilised v\u00f5tted hajutavad vaimse udu, teravdavad keskendumisv\u00f5imet ja taastavad emotsionaalse tasakaalu.<\/p>\n<\/div>\n<\/div>\n\n\n\n<div class=\"wp-block-cover is-light has-parallax\" style=\"min-height:629px;aspect-ratio:unset;\"><div class=\"wp-block-cover__image-background wp-image-823 size-large has-parallax\" style=\"background-position:50% 50%;background-image:url(https:\/\/igitur.ee\/wp-content\/uploads\/2025\/08\/IMG_2749-1024x900.jpg)\"><\/div><span aria-hidden=\"true\" class=\"wp-block-cover__background has-background-dim-0 has-background-dim\" style=\"background-color:#aba49b\"><\/span><div class=\"wp-block-cover__inner-container is-layout-constrained wp-block-cover-is-layout-constrained\">\n<p><\/p>\n<\/div><\/div>","protected":false},"excerpt":{"rendered":"<p>Deep Muscle ReliefDeep-tissue pressure, cupping and warm stones melt stubborn knots, easing chronic pain in your hardworking muscles. Flexible PostureThai stretches and metameric massage lengthen tight areas and open joints, helping your body move tall and free. Circulation &amp; Lymph FlowRolling strokes, lymphatic work and gua sha boost blood and lymph flow, awakening a fresh &#8230; <a title=\"\" class=\"read-more\" href=\"https:\/\/igitur.ee\/et\/massage-benefits\/\" aria-label=\"Read more about \">Read more<\/a><\/p>","protected":false},"author":2,"featured_media":0,"parent":0,"menu_order":0,"comment_status":"closed","ping_status":"closed","template":"","meta":{"footnotes":""},"class_list":["post-367","page","type-page","status-publish"],"_links":{"self":[{"href":"https:\/\/igitur.ee\/et\/wp-json\/wp\/v2\/pages\/367","targetHints":{"allow":["GET"]}}],"collection":[{"href":"https:\/\/igitur.ee\/et\/wp-json\/wp\/v2\/pages"}],"about":[{"href":"https:\/\/igitur.ee\/et\/wp-json\/wp\/v2\/types\/page"}],"author":[{"embeddable":true,"href":"https:\/\/igitur.ee\/et\/wp-json\/wp\/v2\/users\/2"}],"replies":[{"embeddable":true,"href":"https:\/\/igitur.ee\/et\/wp-json\/wp\/v2\/comments?post=367"}],"version-history":[{"count":51,"href":"https:\/\/igitur.ee\/et\/wp-json\/wp\/v2\/pages\/367\/revisions"}],"predecessor-version":[{"id":1176,"href":"https:\/\/igitur.ee\/et\/wp-json\/wp\/v2\/pages\/367\/revisions\/1176"}],"wp:attachment":[{"href":"https:\/\/igitur.ee\/et\/wp-json\/wp\/v2\/media?parent=367"}],"curies":[{"name":"wp","href":"https:\/\/api.w.org\/{rel}","templated":true}]}}