{"id":15,"date":"2021-08-12T21:52:45","date_gmt":"2021-08-12T21:52:45","guid":{"rendered":"https:\/\/sites.generatepress.com\/flow\/?page_id=15"},"modified":"2026-01-25T03:46:07","modified_gmt":"2026-01-25T03:46:07","slug":"about","status":"publish","type":"page","link":"https:\/\/igitur.ee\/et\/about\/","title":{"rendered":"Minust"},"content":{"rendered":"<div class=\"gb-element-fcf307e8\">\n<div>\n<div>\n<div class=\"gb-element-2a2c5bef\">\n<h2 class=\"gb-text gb-text-46aa09b5\">Saagem tuttavaks, mina olen Anu<\/h2>\n\n\n\n<p class=\"gb-text gb-text-5ff62e97\">\u00d5pihimuline mass\u00f6\u00f6r, looduse-, kunsti- ja muusikas\u00f5ber<\/p>\n<\/div>\n<\/div>\n<\/div>\n<\/div>\n\n\n\n<div class=\"wp-block-columns are-vertically-aligned-center has-base-background-color has-background has-medium-font-size is-layout-flex wp-container-core-columns-is-layout-9d6595d7 wp-block-columns-is-layout-flex\">\n<div class=\"wp-block-column is-vertically-aligned-center is-layout-flow wp-block-column-is-layout-flow\" style=\"flex-basis:33.33%\">\n<div class=\"gb-element-be86c023\"><div class=\"wp-block-image\">\n<figure class=\"aligncenter size-full\"><img loading=\"lazy\" decoding=\"async\" width=\"1080\" height=\"1920\" src=\"https:\/\/igitur.ee\/wp-content\/uploads\/2025\/08\/IMG_1738.jpg\" alt=\"\" class=\"wp-image-814\" srcset=\"https:\/\/igitur.ee\/wp-content\/uploads\/2025\/08\/IMG_1738.jpg 1080w, https:\/\/igitur.ee\/wp-content\/uploads\/2025\/08\/IMG_1738-169x300.jpg 169w, https:\/\/igitur.ee\/wp-content\/uploads\/2025\/08\/IMG_1738-576x1024.jpg 576w, https:\/\/igitur.ee\/wp-content\/uploads\/2025\/08\/IMG_1738-768x1365.jpg 768w, https:\/\/igitur.ee\/wp-content\/uploads\/2025\/08\/IMG_1738-864x1536.jpg 864w\" sizes=\"auto, (max-width: 1080px) 100vw, 1080px\" \/><\/figure>\n<\/div><\/div>\n<\/div>\n\n\n\n<div class=\"wp-block-column is-vertically-aligned-center is-layout-flow wp-block-column-is-layout-flow\" style=\"flex-basis:66.66%\">\n<div class=\"gb-element-e7b6600b\">\n<p class=\"has-base-2-color has-text-color has-link-color has-medium-font-size wp-elements-784ade52028b2484d60809c837d377e3\">Tegin oma esimese massaa\u017ei viieaastaselt. Minu isa, kes s\u00f5itis palju autoga, kannatas seljavalude k\u00e4es ja palus mul m\u00f6\u00f6da oma selga \u00fcles-alla k\u00f5ndida, et valu leevendada. See oli p\u00f5nev, aga ka veidi hirmutav kogemus, kuid minu esimene klient j\u00e4i alati rahule.<\/p>\n\n\n\n<p class=\"has-base-2-color has-text-color has-link-color has-medium-font-size wp-elements-7d31fbd67d7e3f1bbc7fcb76fef84c99\">Ise puutusin esimest korda regulaarse massaa\u017ei tervendava toimega kokku p\u00e4rast l\u00e4bip\u00f5lemist t\u00f6\u00f6koormuse ja stressi t\u00f5ttu isiklikus elus, kui taastusravi osakonna mass\u00f6\u00f6ride k\u00e4te all suure pingelanguse t\u00f5ttu lausa pisarad silma tulid.<\/p>\n\n\n\n<p class=\"has-base-2-color has-text-color has-link-color has-medium-font-size wp-elements-ff3fbecc3403e6fd66a8d3849c25a6ac\">N\u00fc\u00fcd olen l\u00f5petanud Rakendusliku massaa\u017ei- ja teraapiakolled\u017ei ja mul on eluaegne mass\u00f6\u00f6ri kutsetunnistus. Oma p\u00f5hieriala - keele\u00f5pe ja t\u00f5lkimine - k\u00f5rvalt plaanisin k\u00fcll v\u00f5tta vaid m\u00f5ne kursuse, kuid j\u00e4in kooli kolmeks aastaks, sest m\u00f5istsin, et kui tahta seda t\u00f6\u00f6d teha h\u00e4sti, on vaja p\u00f5hjalikke anatoomiateadmisi. \u00d5pingute k\u00e4igus s\u00fcvenes veelgi arusaam, et keha ja vaim on tervik ja \u00fcks ei saa paraneda teist kaasamata. Minu \u00f5pingud j\u00e4tkuvad veelgi ja t\u00f5en\u00e4oliselt ei l\u00f5pe iial, aga senise teadmistepagasiga saan pakkuda teenuseid, mille kohta saate t\u00e4psemalt lugeda massaa\u017eipakettide lehelt.<\/p>\n<\/div>\n<\/div>\n<\/div>\n\n\n\n<div class=\"gb-element-58e8b04a\"><\/div>\n\n\n\n<div class=\"gb-element-7cbe591c\"><\/div>\n\n\n\n<div class=\"gb-element-48673034\">\n<blockquote class=\"wp-block-quote is-layout-flow wp-block-quote-is-layout-flow\">\n<p class=\"has-base-2-color has-text-color has-link-color has-large-font-size wp-elements-47b5c9ddc54174f2f2d9be743e1453a4\">Ma usun, et keha teab, kuidas ennast tervendada; massaa\u017e aitab lihtsalt seda meelde tuletada.<\/p>\n<\/blockquote>\n<\/div>\n\n\n\n<div class=\"wp-block-group\"><div class=\"wp-block-group__inner-container is-layout-flow wp-block-group-is-layout-flow\">\n<div class=\"wp-block-group\"><div class=\"wp-block-group__inner-container is-layout-constrained wp-block-group-is-layout-constrained\">\n<h2 class=\"wp-block-heading has-text-align-left has-x-large-font-size\">Seni omandatud oskused<\/h2>\n\n\n\n<div class=\"wp-block-columns has-medium-font-size is-layout-flex wp-container-core-columns-is-layout-9d6595d7 wp-block-columns-is-layout-flex\">\n<div class=\"wp-block-column is-layout-flow wp-block-column-is-layout-flow\">\n<ul class=\"wp-block-list\">\n<li>Klassikaline massaa\u017e<\/li>\n\n\n\n<li>Tai massaa\u017e (matil ja laual)<\/li>\n\n\n\n<li>Tai jalamassaa\u017e<\/li>\n\n\n\n<li>Rullimistehnikad<\/li>\n\n\n\n<li>Aroomimassaa\u017e<\/li>\n\n\n\n<li>S\u00fcvakudede massaa\u017e<\/li>\n\n\n\n<li>N\u00e4o kosmeetiline teipimine<\/li>\n\n\n\n<li>Kinesiotaping<\/li>\n<\/ul>\n<\/div>\n\n\n\n<div class=\"wp-block-column is-layout-flow wp-block-column-is-layout-flow\">\n<ul class=\"wp-block-list\">\n<li>Kupumassaa\u017e<\/li>\n\n\n\n<li>Gua Sha<\/li>\n\n\n\n<li>Segmentmassaa\u017e<\/li>\n\n\n\n<li>Laavakivimassaa\u017e<\/li>\n\n\n\n<li>L\u00fcmfimassaa\u017e<\/li>\n\n\n\n<li>Jalalaba refleksoloogia<\/li>\n\n\n\n<li>Teipimine<\/li>\n\n\n\n<li>Tui Na<\/li>\n<\/ul>\n<\/div>\n<\/div>\n\n\n\n<p class=\"has-medium-font-size\"><em>Ma t\u00e4iendan oma \u201et\u00f6\u00f6riistakasti\u201d koost\u00f6\u00f6s klientidega pidevalt, et iga massaa\u017e oleks t\u00e4pselt selline, mida Su keha sel p\u00e4eval vajab.<\/em><\/p>\n<\/div><\/div>\n<\/div><\/div>\n\n\n\n<!-- 2. Load SimplyBook and create ONE widget -->\n<a id=\"sb-launcher\" style=\"display:none\"><\/a> <!-- dummy anchor -->\n<script src=\"\/\/widget.simplybook.it\/v2\/widget\/widget.js\"><\/script>\n<script>\n  const widget = new SimplybookWidget({\n    widget_type      : \"button\",\n    url              : \"https:\/\/igitur.simplybook.it\",\n    button_custom_id : \"sb-launcher\",   \/\/ \u2190 hides the vendor\u2019s own bookmark\n    \/* your original theme_settings, timeline, etc. *\/\n  });\n\n  \/* 3. Give every '.open-booking' element click super-powers *\/\n  document.addEventListener('DOMContentLoaded', () => {\n    document.querySelectorAll('.open-booking').forEach(btn => {\n      btn.addEventListener('click', e => {\n        e.preventDefault();              \/\/ keep <a> tags from navigating\n        widget.showPopupFrame('book');   \/\/ open the booking iframe\n      });\n    });\n  });\n<\/script>","protected":false},"excerpt":{"rendered":"<p>Nice to meet You, my name is Anu Massage therapist, nature, art and music lover, lifelong learner I gave my first massage when I was five years old. My father, a long-haul truck driver, suffered from chronic back pain and asked me to walk up and down his spine to ease it. It felt thrilling\u2014and &#8230; <a title=\"Minust\" class=\"read-more\" href=\"https:\/\/igitur.ee\/et\/about\/\" aria-label=\"Read more about About\">Read more<\/a><\/p>","protected":false},"author":2,"featured_media":0,"parent":0,"menu_order":0,"comment_status":"closed","ping_status":"closed","template":"","meta":{"footnotes":""},"class_list":["post-15","page","type-page","status-publish"],"_links":{"self":[{"href":"https:\/\/igitur.ee\/et\/wp-json\/wp\/v2\/pages\/15","targetHints":{"allow":["GET"]}}],"collection":[{"href":"https:\/\/igitur.ee\/et\/wp-json\/wp\/v2\/pages"}],"about":[{"href":"https:\/\/igitur.ee\/et\/wp-json\/wp\/v2\/types\/page"}],"author":[{"embeddable":true,"href":"https:\/\/igitur.ee\/et\/wp-json\/wp\/v2\/users\/2"}],"replies":[{"embeddable":true,"href":"https:\/\/igitur.ee\/et\/wp-json\/wp\/v2\/comments?post=15"}],"version-history":[{"count":63,"href":"https:\/\/igitur.ee\/et\/wp-json\/wp\/v2\/pages\/15\/revisions"}],"predecessor-version":[{"id":1258,"href":"https:\/\/igitur.ee\/et\/wp-json\/wp\/v2\/pages\/15\/revisions\/1258"}],"wp:attachment":[{"href":"https:\/\/igitur.ee\/et\/wp-json\/wp\/v2\/media?parent=15"}],"curies":[{"name":"wp","href":"https:\/\/api.w.org\/{rel}","templated":true}]}}